{"id":6567,"date":"2025-03-13T19:48:57","date_gmt":"2025-03-14T00:48:57","guid":{"rendered":"https:\/\/ele-notas.com\/?page_id=6567"},"modified":"2025-03-15T10:05:08","modified_gmt":"2025-03-15T15:05:08","slug":"privacy-policy","status":"publish","type":"page","link":"https:\/\/ele-notas.com\/en\/privacy-policy\/","title":{"rendered":"Privacy Policy"},"content":{"rendered":"<section class=\"vc_row liquid-row-shadowbox-69ea5b574436b\"><div class=\"ld-container container\"><div class=\"row ld-row ld-row-outer\"><div class=\"wpb_column vc_column_container vc_col-sm-1 liquid-column-69ea5b574616f\"><div class=\"vc_column-inner\" ><div class=\"wpb_wrapper\"  ><\/div><\/div><\/div><div class=\"wpb_column vc_column_container vc_col-sm-10 liquid-column-69ea5b57464bd\"><div class=\"vc_column-inner\" ><div class=\"wpb_wrapper\"  ><style>.ld_spacer_69ea5b5746706{height:90px;}<\/style>\n<div class=\"ld-empty-space ld_spacer_69ea5b5746706\"><\/div><div class=\"vc_row vc_inner vc_row-fluid liquid-row-shadowbox-69ea5b574c46f\"><div class=\"ld-container container-fluid\"><div class=\"row ld-row ld-row-inner\"><div class=\"wpb_column vc_column_container vc_col-sm-8 liquid-column-69ea5b574c8e9\"><div class=\"vc_column-inner\" ><div class=\"wpb_wrapper\" >\n\t<div class=\"wpb_text_column wpb_content_element\" >\n\t\t<div class=\"wpb_wrapper\">\n\t\t\t<h1>Pol\u00edtica de privacidad<\/h1>\n\n\t\t<\/div>\n\t<\/div>\n<\/div><\/div><\/div><div class=\"wpb_column vc_column_container vc_col-sm-2 liquid-column-69ea5b57588c4\"><div class=\"vc_column-inner\" ><div class=\"wpb_wrapper\" >\n\t<div class=\"wpb_text_column wpb_content_element\" >\n\t\t<div class=\"wpb_wrapper\">\n\t\t\t<p style=\"text-align: left;\">\u00a0Lee esto en:<\/p>\n\n\t\t<\/div>\n\t<\/div>\n\n\t<div class=\"wpb_text_column wpb_content_element\" >\n\t\t<div class=\"wpb_wrapper\">\n\t\t\t<div class=\"trp-shortcode-switcher__wrapper\"\r\n     style=\"--bg:#ffffff;--bg-hover:#0000000d;--text:#143852;--text-hover:#1d2327;--border:1px solid #1438521a;--border-width:1px;--border-color:#1438521a;--border-radius:5px;--flag-radius:2px;--flag-size:18px;--aspect-ratio:4\/3;--font-size:14px;--transition-duration:0.2s\"\r\n     role=\"group\"\r\n     data-open-mode=\"hover\">\r\n\r\n    \r\n        <!-- ANCHOR (in-flow only; sizing\/borders; inert) -->\r\n        <div class=\"trp-language-switcher trp-ls-dropdown trp-shortcode-switcher trp-shortcode-anchor trp-open-on-hover\"\r\n             aria-hidden=\"true\"\r\n             inert\r\n data-no-translation>\r\n                <div class=\"trp-current-language-item__wrapper\">\r\n        <a class=\"trp-language-item trp-language-item__default trp-language-item__current\" data-no-translation href=\"https:\/\/ele-notas.com\/en\/wp-json\/wp\/v2\/pages\/6567\" title=\"English\"><span class=\"trp-language-item-name\">English<\/span><\/a>                    <svg class=\"trp-shortcode-arrow\" width=\"20\" height=\"20\" viewbox=\"0 0 20 21\" fill=\"none\" aria-hidden=\"true\" focusable=\"false\" xmlns=\"http:\/\/www.w3.org\/2000\/svg\">\r\n                <path d=\"M5 8L10 13L15 8\" stroke=\"var(--text)\" stroke-width=\"2\" stroke-linecap=\"round\" stroke-linejoin=\"round\"\/>\r\n            <\/svg>\r\n            <\/div>\r\n            <\/div>\r\n\r\n        <!-- OVERLAY (positioned; interactive surface) -->\r\n        <div class=\"trp-language-switcher trp-ls-dropdown trp-shortcode-switcher trp-shortcode-overlay trp-open-on-hover\"\r\n             role=\"navigation\"\r\n             aria-label=\"Website language selector\"\r\n             data-no-translation\r\n>\r\n                <div class=\"trp-current-language-item__wrapper\">\r\n        <div class=\"trp-language-item trp-language-item__default trp-language-item__current\" data-no-translation role=\"button\" aria-expanded=\"false\" tabindex=\"0\" aria-label=\"Change language\" aria-controls=\"trp-shortcode-dropdown-69ea5b575db40\"><span class=\"trp-language-item-name\">English<\/span><\/div>                    <svg class=\"trp-shortcode-arrow\" width=\"20\" height=\"20\" viewbox=\"0 0 20 21\" fill=\"none\" aria-hidden=\"true\" focusable=\"false\" xmlns=\"http:\/\/www.w3.org\/2000\/svg\">\r\n                <path d=\"M5 8L10 13L15 8\" stroke=\"var(--text)\" stroke-width=\"2\" stroke-linecap=\"round\" stroke-linejoin=\"round\"\/>\r\n            <\/svg>\r\n            <\/div>\r\n    \r\n            <div class=\"trp-switcher-dropdown-list\"\r\n                 id=\"trp-shortcode-dropdown-69ea5b575db40\"\r\n                 role=\"group\"\r\n                 aria-label=\"Available languages\"\r\n                 hidden\r\n inert\r\n>\r\n                                                            <a class=\"trp-language-item\" href=\"https:\/\/ele-notas.com\/en\/wp-json\/wp\/v2\/pages\/6567\" title=\"Espa\u00f1ol\">\r\n                                                                                        <span class=\"trp-language-item-name\" data-no-translation>Espa\u00f1ol<\/span>\r\n                                                                                <\/a>\r\n                                                <\/div>\r\n        <\/div>\r\n\r\n    <\/div>\r\n\n\n\t\t<\/div>\n\t<\/div>\n<\/div><\/div><\/div><div class=\"wpb_column vc_column_container vc_col-sm-2 liquid-column-69ea5b575de1f\"><div class=\"vc_column-inner\" ><div class=\"wpb_wrapper\" ><\/div><\/div><\/div><\/div><\/div><\/div><style>.ld_spacer_69ea5b575df63{height:30px;}<\/style>\n<div class=\"ld-empty-space ld_spacer_69ea5b575df63\"><\/div>\n\t<div class=\"wpb_text_column wpb_content_element\" >\n\t\t<div class=\"wpb_wrapper\">\n\t\t\t<p>Effective Date 14-Mar-2025<\/p>\n<p class=\"privacy-policy-p\">This Privacy Policy describes the policies of ELE-notas, on the collection, use and disclosure of your information that we collect when you use our website (https:\/\/ele-notas.com). By accessing or using the Service, you are consenting to the collection, use and disclosure of your information in accordance with this Privacy Policy. If you do not consent to the same, please do not access or use this website.<\/p>\n<p class=\"privacy-policy-p\">We may modify this Privacy Policy at any time without prior notice and will post the revised version on this website. The revised Policy will become effective 180 days after its posting on this website, and your continued access or use of the website after that period will constitute your acceptance of the revised Privacy Policy. Therefore, we encourage you to review this page periodically.<\/p>\n<h4 class=\"privacy-policy-h4\">1. Information We Collect:<\/h4>\n<p class=\"privacy-policy-p\">We will collect and process the following personal information about you:<\/p>\n<p class=\"privacy-policy-p\">1. Name<br \/>\n2. Email<br \/>\n3. Mobile<\/p>\n<h4 class=\"&quot;privacy-policy-h4\">2. How We Collect Your Information:<\/h4>\n<p class=\"privacy-policy-p\">We collect\/receive information about you in the following manner:<\/p>\n<p>1. When a user fills up the registration form, contact form, scheduling form or otherwise submits personal information.<br \/>\n2. From public sources<\/p>\n<h4 class=\"privacy-policy-h4\">3. How We Use Your Information:<\/h4>\n<p class=\"privacy-policy-p\">We will use the information that we collect about you for the following purposes:<\/p>\n<p>1. Creating user account<br \/>\n2. Manage customer order, specifically to provide Spanish lessons at the days and times requested through the scheduling form created using the following plugin: Latepoint.<br \/>\n3. Manage user account, which is mainly done by the registered user in his\/her customer cabinet.<\/p>\n<p class=\"&quot;privacy-policy-p\">If we want to use your information for any other purpose, we will ask you for consent and will use your information only on receiving your consent and then, only for the purpose(s) for which grant consent unless we are required to do otherwise by law.<\/p>\n<h4 class=\"privacy-policy-h4\">4. How We Share Your Information:<\/h4>\n<p class=\"privacy-policy-p\">We maintain absolute confidentiality and confidentiality regarding the data to which we have access. We will not transfer your personal information to third parties without your consent, except in the limited circumstances described below:<\/p>\n<p>1. Data collection &amp; process<\/p>\n<p class=\"privacy-policy-p\">We require such third party\u2019s to use the personal information we transfer to them only for the purpose for which it was transferred and not to retain it for longer than is required for fulfilling the said purpose.<\/p>\n<p class=\"&quot;privacy-policy-p\">Tambi\u00e9n podemos divulgar su informaci\u00f3n personal para los siguientes fines: (1) para cumplir con la ley, regulaci\u00f3n, orden judicial u otro proceso legal aplicable; (2) para hacer cumplir sus acuerdos con nosotros, incluida esta Pol\u00edtica de Privacidad; o (3) para responder a reclamaciones de que su uso de nuestro sitio web viola los derechos de terceros.<\/p>\n<h4 class=\"privacy-policy-h4\">5. Retention Of Your Information:<\/h4>\n<p class=\"privacy-policy-p\">We will retain your personal information with us for 90 days to 2 years after user accounts remain idle or for as long as we need it to fulfill the purposes for which it was collected as detailed in this Privacy Policy. We may need to retain certain information for longer periods such as record-keeping\/reporting in accordance with applicable law or for other legitimate reasons like enforcement of legal rights, fraud prevention, etc. Residual anonymous information and aggregate information, neither of which identifies you (directly or indirectly), may be stored indefinitely.<\/p>\n<h4 class=\"privacy-policy-h4\">6. Your Rights:<\/h4>\n<p class=\"privacy-policy-p\">Depending on the law that applies, you may have a right to access and rectify or erase your personal data or receive a copy of your personal data, restrict or object to the active processing of your data, ask us to share (port) your personal information to another entity, withdraw any consent you provided to us to process your data, a right to lodge a complaint with a statutory authority and such other rights as may be relevant under applicable laws. To exercise these rights, you can write to us at <strong>info@ele-notas.com<\/strong>. We will respond to your request in accordance with applicable law.<\/p>\n<p class=\"privacy-policy-p\">Do note that if you do not allow us to collect or process the required personal information or withdraw the consent to process the same for the required purposes, you may not be able to access or use the services for which your information was sought.<\/p>\n<h4 class=\"privacy-policy-h4\">7. Cookies, etc.<\/h4>\n<p>To learn more about how we use these and your choices in relation to these tracking\ntechnologies, please refer to our <a href=\"https:\/\/ele-notas.com\/en\/cookie-policy\/\"><strong>Cookie Policy<\/strong>.<\/a><\/p>\n<h4 class=\"privacy-policy-h4\">8. Security<\/h4>\n<p class=\"privacy-policy-p\">The security of your information is important to us and we will use reasonable security measures to prevent the loss, misuse or unauthorized alteration of your information under our control. However, given the inherent risks, we cannot guarantee absolute security and consequently, we cannot ensure or warrant the security of any information you transmit to us and you do so at your own risk.<\/p>\n<h4 class=\"privacy-policy-h4\">9. Third Party Links &amp; Use Of Your Information:<\/h4>\n<p class=\"privacy-policy-p\">Our Service may contain links to other websites (e.g. YouTube, ivoox, media websites, etc.) that are not operated by us. This Privacy Policy does not address the privacy policy and other practices of any third parties, including any third party operating any website or service that may be accessible via a link on this website. any third party sites or services.<\/p>\n<p><span class=\"HwtZe\" lang=\"es\"><span class=\"jCAhz ChMk0b\"><span class=\"ryNqvb\">We strongly advise you to review the privacy policy of every site you visit.<\/span><\/span> <span class=\"jCAhz ChMk0b\"><span class=\"ryNqvb\">We have no control over and assume no responsibility for the content, privacy policies or practices of any third party sites or services.<\/span><\/span><\/span><\/p>\n<h4 class=\"privacy-policy-h3\">10. Grievance \/ Data Protection Contact:<\/h4>\n<p class=\"privacy-policy-p\">If you have any queries or concerns about the processing of your information that is available with us, you may email us at <strong>info@ele-notas.com<\/strong>. We will address your concerns in accordance with applicable law.<\/p>\n<p class=\"privacy-policy-p\">Privacy Policy based on text generated with <a href=\"https:\/\/www.cookieyes.com\/?utm_source=PP&amp;utm_medium=footer&amp;utm_campaign=UW\" target=\"_blank\" rel=\"noopener\">CookieYes<\/a>.<\/p>\n\n\t\t<\/div>\n\t<\/div>\n<style>.ld_spacer_69ea5b575e4ce{height:100px;}<\/style>\n<div class=\"ld-empty-space ld_spacer_69ea5b575e4ce\"><\/div><\/div><\/div><\/div><div class=\"wpb_column vc_column_container vc_col-sm-1 liquid-column-69ea5b575e757\"><div class=\"vc_column-inner\" ><div class=\"wpb_wrapper\"  ><\/div><\/div><\/div><\/div><\/div><\/section>","protected":false},"excerpt":{"rendered":"Pol\u00edtica de privacidad \u00a0Read this in: English English Espa\u00f1ol En efecto desde: 14-Mar-2025 Esta Pol\u00edtica de Privacidad describe las pol\u00edticas de ELE-notas sobre la recopilaci\u00f3n, el uso y la divulgaci\u00f3n de la informaci\u00f3n que recopilamos al utilizar nuestro sitio web (https:\/\/ele-notas.com). Al acceder o utilizar el sitio web, usted consiente la recopilaci\u00f3n, el uso y [...]","protected":false},"author":1,"featured_media":0,"parent":0,"menu_order":0,"comment_status":"closed","ping_status":"closed","template":"","meta":{"footnotes":""},"class_list":["post-6567","page","type-page","status-publish","hentry"],"_links":{"self":[{"href":"https:\/\/ele-notas.com\/en\/wp-json\/wp\/v2\/pages\/6567","targetHints":{"allow":["GET"]}}],"collection":[{"href":"https:\/\/ele-notas.com\/en\/wp-json\/wp\/v2\/pages"}],"about":[{"href":"https:\/\/ele-notas.com\/en\/wp-json\/wp\/v2\/types\/page"}],"author":[{"embeddable":true,"href":"https:\/\/ele-notas.com\/en\/wp-json\/wp\/v2\/users\/1"}],"replies":[{"embeddable":true,"href":"https:\/\/ele-notas.com\/en\/wp-json\/wp\/v2\/comments?post=6567"}],"version-history":[{"count":19,"href":"https:\/\/ele-notas.com\/en\/wp-json\/wp\/v2\/pages\/6567\/revisions"}],"predecessor-version":[{"id":6649,"href":"https:\/\/ele-notas.com\/en\/wp-json\/wp\/v2\/pages\/6567\/revisions\/6649"}],"wp:attachment":[{"href":"https:\/\/ele-notas.com\/en\/wp-json\/wp\/v2\/media?parent=6567"}],"curies":[{"name":"wp","href":"https:\/\/api.w.org\/{rel}","templated":true}]}}