{"id":4892,"date":"2024-01-27T13:57:32","date_gmt":"2024-01-27T13:57:32","guid":{"rendered":"https:\/\/ele-notas.com\/theme-hub\/?page_id=4892"},"modified":"2025-03-14T08:47:45","modified_gmt":"2025-03-14T13:47:45","slug":"contacto","status":"publish","type":"page","link":"https:\/\/ele-notas.com\/en\/contacto\/","title":{"rendered":"Contacto"},"content":{"rendered":"<section id=\"about\" style=\"background-position:left center !important;\" data-bg-image=\"url\" data-tooltip=\"Mobile Connection\" class=\"vc_row vc_custom_1706362719020 liquid-row-shadowbox-69ea4528a0069 vc_row-has-fill vc_row-has-bg vc_column-gap-0 vc_row-o-full-height\"><div class=\"ld-container container-fluid\"><div class=\"row ld-row ld-row-outer vc_row-has-column-align vc_row-o-columns-stretch vc_row-o-equal-height vc_row-o-equal-height vc_row-o-content-middle vc_row-flex\"><style>@media (min-width: 992px) { .liquid-column-responsive-69ea4528a18c9 > .vc_column-inner {padding-top:0px !important; padding-right:10vmax !important; padding-bottom:0px !important; padding-left:10vmax !important;  }  } <\/style><div class=\"wpb_column vc_column_container vc_col-sm-12 vc_col-md-6 liquid-column-69ea4528a18c2 liquid-column-responsive-69ea4528a18c9\"><div class=\"vc_column-inner  vc_custom_1706988703116\" ><div class=\"wpb_wrapper\"  ><style>.ld_spacer_69ea4528a1b35{height:10px;}@media (min-width: 992px) { .ld_spacer_69ea4528a1b35{height:10%};}<\/style>\n<div class=\"ld-empty-space ld_spacer_69ea4528a1b35\"><\/div>\n\t<div class=\"wpb_text_column wpb_content_element  vc_custom_1707575409110\" >\n\t\t<div class=\"wpb_wrapper\">\n\t\t\t<h6><span style=\"color: #ff5757;\">Mensajes en espa\u00f1ol, ingl\u00e9s o alem\u00e1n<\/span><\/h6>\n\n\t\t<\/div>\n\t<\/div>\n<style>.ld_spacer_69ea4528a1e8d{height:25px;}<\/style>\n<div class=\"ld-empty-space ld_spacer_69ea4528a1e8d\"><\/div><style>.ld_cf7_69ea4528a1f91 input,.ld_cf7_69ea4528a1f91 textarea,.ld_cf7_69ea4528a1f91 .ui-button.ui-selectmenu-button{font-size:15px;}.ld_cf7_69ea4528a1f91 input[type=\"submit\"]{background:rgba(0, 0, 0, 0);color:rgb(255, 87, 87);border-color:rgb(255, 87, 87);}.ld_cf7_69ea4528a1f91 input:focus, .ld_cf7_69ea4528a1f91 select:focus, .ld_cf7_69ea4528a1f91 textarea:focus, .ld_cf7_69ea4528a1f91 .ui-button.ui-selectmenu-button:hover{border-color:rgb(255, 87, 87);}.ld_cf7_69ea4528a1f91 input[type=\"submit\"]:focus,.ld_cf7_69ea4528a1f91 input[type=\"submit\"]:hover{background:rgb(255, 87, 87);}.ld_cf7_69ea4528a1f91 input[type=\"submit\"]:hover{color:rgb(255, 255, 255);border-color:rgb(255, 87, 87);}<\/style><div id=\"ld_cf7_69ea4528a1f91\" class=\"lqd-contact-form lqd-contact-form-inputs-underlined lqd-contact-form-button-round ld_cf7_69ea4528a1f91\">\n\t\n<div class=\"wpcf7 no-js\" id=\"wpcf7-f4863-o1\" lang=\"es-ES\" dir=\"ltr\" data-wpcf7-id=\"4863\">\n<div class=\"screen-reader-response\"><p role=\"status\" aria-live=\"polite\" aria-atomic=\"true\"><\/p> <ul><\/ul><\/div>\n<form action=\"\/en\/wp-json\/wp\/v2\/pages\/4892#wpcf7-f4863-o1\" method=\"post\" class=\"wpcf7-form init wpcf7-acceptance-as-validation\" aria-label=\"Formulario de contacto\" novalidate=\"novalidate\" data-status=\"init\" data-trp-original-action=\"\/en\/wp-json\/wp\/v2\/pages\/4892#wpcf7-f4863-o1\">\n<fieldset class=\"hidden-fields-container\"><input type=\"hidden\" name=\"_wpcf7\" value=\"4863\" \/><input type=\"hidden\" name=\"_wpcf7_version\" value=\"6.1.5\" \/><input type=\"hidden\" name=\"_wpcf7_locale\" value=\"es_ES\" \/><input type=\"hidden\" name=\"_wpcf7_unit_tag\" value=\"wpcf7-f4863-o1\" \/><input type=\"hidden\" name=\"_wpcf7_container_post\" value=\"0\" \/><input type=\"hidden\" name=\"_wpcf7_posted_data_hash\" value=\"\" \/>\n<\/fieldset>\n<div class=\"wpcf7-turnstile cf-turnstile\" data-sitekey=\"0x4AAAAAABqj2SZaViUQpBBa\" data-response-field-name=\"_wpcf7_turnstile_response\"><\/div>\n\n<div class=\"row\">\n\t<div class=\"col-md-6\">\n\t\t<p><span class=\"wpcf7-form-control-wrap\" data-name=\"your-name\"><input size=\"40\" maxlength=\"400\" class=\"wpcf7-form-control wpcf7-text wpcf7-validates-as-required\" aria-required=\"true\" aria-invalid=\"false\" placeholder=\"Name and last name\" value=\"\" type=\"text\" name=\"your-name\" \/><\/span>\n\t\t<\/p>\n\t<\/div>\n\t<div class=\"col-md-6\">\n\t\t<p><span class=\"wpcf7-form-control-wrap\" data-name=\"your-email\"><input size=\"40\" maxlength=\"400\" class=\"wpcf7-form-control wpcf7-email wpcf7-validates-as-required wpcf7-text wpcf7-validates-as-email\" aria-required=\"true\" aria-invalid=\"false\" placeholder=\"Email\" value=\"\" type=\"email\" name=\"your-email\" \/><\/span>\n\t\t<\/p>\n\t<\/div>\n\t<div class=\"col-md-12\">\n\t\t<p><span class=\"wpcf7-form-control-wrap\" data-name=\"your-message\"><textarea cols=\"10\" rows=\"3\" maxlength=\"2000\" class=\"wpcf7-form-control wpcf7-textarea wpcf7-validates-as-required\" aria-required=\"true\" aria-invalid=\"false\" placeholder=\"Tu pregunta o comentario sobre el blog, clases o temas relacionados con el aprendizaje de ELE\" name=\"your-message\"><\/textarea><\/span>\n\t\t<\/p>\n\t<\/div>\n\t<div class=\"col-md-12\">\n\t\t<p><span class=\"wpcf7-form-control-wrap\" data-name=\"acceptance-pp\"><span class=\"wpcf7-form-control wpcf7-acceptance\"><span class=\"wpcf7-list-item\"><label><input type=\"checkbox\" name=\"acceptance-pp\" value=\"1\" aria-invalid=\"false\" \/><span class=\"wpcf7-list-item-label\">I accept to share the data provided above.&nbsp;<a href=\"\/en\/privacy-policy\/\" target=\"_blank\" rel=\"noopener noreferrer\">Pol\u00edtica de privacidad<\/a><\/span><\/label><\/span><\/span><\/span>\n\t\t<\/p>\n\t<\/div>\n\t<div class=\"col-md-12\">\n\t\t<p><input class=\"wpcf7-form-control wpcf7-submit has-spinner\" type=\"submit\" value=\"Enviar mensaje\" \/>\n\t\t<\/p>\n\t<\/div>\n<\/div>\n\n<div class=\"wpcf7-response-output\" aria-hidden=\"true\"><\/div>\n<input type=\"hidden\" name=\"trp-form-language\" value=\"en\"\/><\/form>\n<\/div>\n<\/div><\/div><\/div><\/div><div data-row-bg=\"https:\/\/ele-notas.com\/wp-content\/uploads\/2024\/02\/bg-contacto.jpg?id=5141\" class=\"wpb_column vc_column_container vc_col-sm-12 vc_col-md-6 liquid-column-69ea4528a91d9 vc_col-has-fill lqd-has-bg-markup row-bg-appended lqd-column-top-ontablet lqd-column-top-onmobile\"><div class=\"vc_column-inner  vc_custom_1706988644472\" style=\"background-position:center top !important;\"><span class=\"row-bg-loader\"><\/span><div class=\"row-bg-wrap\">\n\t\t<div class=\"row-bg-inner\">\n\t\t\t<figure class=\"row-bg\" ><\/figure>\n\t\t<\/div>\n\t<\/div><div class=\"liquid-column-overlay pointer-events-none\" style=\"background:rgba(61, 61, 61, 0.55)\"><\/div><div class=\"wpb_wrapper\"  >\n<style>.ld_typewriter_69ea4528a95e7 h1{color:rgb(255, 255, 255);}@media (min-width: 1200px) { .ld_typewriter_69ea4528a95e7 h1 {font-size:70px; }  } @media (min-width: 1200px) { .ld_typewriter_69ea4528a95e7 h1 {line-height:100%; }  } @media (min-width: 1200px) { .ld_typewriter_69ea4528a95e7 h1 {--element-line-height:100%; }  } <\/style>\n<div id=\"ld_typewriter_69ea4528a95e7\" class=\"lqd-typewriter ld_typewriter_69ea4528a95e7\">\n\t<h1 data-typewriter=\"true\">\n\t\tEscr\u00edbeme<br \/>\nsi tienes<br \/>\npreguntas o<br \/>\ncomentarios.\t<\/h1>\n<\/div><\/div><\/div><\/div><\/div><\/div><\/section>","protected":false},"excerpt":{"rendered":"Mensajes en espa\u00f1ol, ingl\u00e9s o alem\u00e1n Acepto compartir los datos proporcionados. Ver&nbsp;Pol\u00edtica de privacidad Escr\u00edbeme si tienes preguntas o comentarios.","protected":false},"author":1,"featured_media":0,"parent":0,"menu_order":0,"comment_status":"closed","ping_status":"closed","template":"","meta":{"footnotes":""},"class_list":["post-4892","page","type-page","status-publish","hentry"],"_links":{"self":[{"href":"https:\/\/ele-notas.com\/en\/wp-json\/wp\/v2\/pages\/4892","targetHints":{"allow":["GET"]}}],"collection":[{"href":"https:\/\/ele-notas.com\/en\/wp-json\/wp\/v2\/pages"}],"about":[{"href":"https:\/\/ele-notas.com\/en\/wp-json\/wp\/v2\/types\/page"}],"author":[{"embeddable":true,"href":"https:\/\/ele-notas.com\/en\/wp-json\/wp\/v2\/users\/1"}],"replies":[{"embeddable":true,"href":"https:\/\/ele-notas.com\/en\/wp-json\/wp\/v2\/comments?post=4892"}],"version-history":[{"count":34,"href":"https:\/\/ele-notas.com\/en\/wp-json\/wp\/v2\/pages\/4892\/revisions"}],"predecessor-version":[{"id":6593,"href":"https:\/\/ele-notas.com\/en\/wp-json\/wp\/v2\/pages\/4892\/revisions\/6593"}],"wp:attachment":[{"href":"https:\/\/ele-notas.com\/en\/wp-json\/wp\/v2\/media?parent=4892"}],"curies":[{"name":"wp","href":"https:\/\/api.w.org\/{rel}","templated":true}]}}