{"id":4812,"date":"2020-01-09T09:10:43","date_gmt":"2020-01-09T09:10:43","guid":{"rendered":"https:\/\/split.liquid-themes.com\/staging\/?page_id=7"},"modified":"2026-01-08T12:02:23","modified_gmt":"2026-01-08T17:02:23","slug":"split-homepage","status":"publish","type":"page","link":"https:\/\/ele-notas.com\/en\/","title":{"rendered":"Inicio"},"content":{"rendered":"<section id=\"blog\" data-bg-image=\"url\" data-tooltip=\"Blog\" class=\"vc_row vc_custom_1706874376649 liquid-row-shadowbox-69ea2db26006e vc_row-has-fill vc_row-has-bg vc_column-gap-0 vc_row-o-full-height\"><div class=\"ld-container container-fluid\"><div class=\"row ld-row ld-row-outer vc_row-has-column-align vc_row-o-columns-stretch vc_row-o-equal-height vc_row-o-equal-height vc_row-o-content-bottom vc_row-flex\"><style>@media (min-width: 768px) { .liquid-column-responsive-69ea2db26214c > .vc_column-inner {padding-top:150px !important; padding-bottom:150px !important;  }  } @media (min-width: 992px) { .liquid-column-responsive-69ea2db26214c > .vc_column-inner {padding-top:0px !important; padding-right:10vmax !important; padding-bottom:120px !important; padding-left:10vmax !important;  }  } <\/style><div class=\"wpb_column vc_column_container vc_col-sm-12 vc_col-md-6 liquid-column-69ea2db262146 liquid-column-responsive-69ea2db26214c\"><div class=\"vc_column-inner  vc_custom_1610725391311\" ><div class=\"wpb_wrapper\"  data-custom-animations=\"true\" data-ca-options='{\"triggerHandler\":\"inview\",\"animationTarget\":\"all-childs\",\"duration\":\"1600\",\"delay\":\"180\",\"ease\":\"power4.out\",\"direction\":\"forward\",\"initValues\":{\"y\":55,\"rotationY\":50,\"transformOriginX\":50,\"transformOriginY\":50,\"transformOriginZ\":\"0px\",\"opacity\":0},\"animations\":{\"y\":0,\"rotationY\":0,\"transformOriginX\":50,\"transformOriginY\":50,\"transformOriginZ\":\"0px\",\"opacity\":1}}'><style>.ld_fancy_heading_69ea2db2623d5 h6{color:rgb(255, 87, 87);}.ld_fancy_heading_69ea2db2623d5 .lqd-highlight-inner{height:0.275em!important;bottom:0px!important;}<\/style><div class=\"ld-fancy-heading ld_fancy_heading_69ea2db2623d5\">\n\t<h6 class=\"ld-fh-element lqd-highlight-underline lqd-highlight-grow-left text-decoration-default\"   >  Aprende<\/h6><\/div><style>.ld_fancy_heading_69ea2db26900f h2{color:rgb(255, 87, 87);}.ld_fancy_heading_69ea2db26900f h2 {font-size:60px; } @media (min-width: 768px) { .ld_fancy_heading_69ea2db26900f h2 {font-size:70px; }  } @media (min-width: 992px) { .ld_fancy_heading_69ea2db26900f h2 {font-size:6.5vw; }  } .ld_fancy_heading_69ea2db26900f h2 {line-height:1em; } .ld_fancy_heading_69ea2db26900f h2 {--element-line-height:1em; } .ld_fancy_heading_69ea2db26900f h2 {letter-spacing:-0.02em; } .ld_fancy_heading_69ea2db26900f h2 {margin-top:0.15em !important; margin-bottom:0.2em !important;  } .ld_fancy_heading_69ea2db26900f .lqd-highlight-inner{height:0.275em!important;bottom:0px!important;}.ld_fancy_heading_69ea2db26900f h2 {font-size:60px; } @media (min-width: 768px) { .ld_fancy_heading_69ea2db26900f h2 {font-size:70px; }  } @media (min-width: 992px) { .ld_fancy_heading_69ea2db26900f h2 {font-size:6.5vw; }  } .ld_fancy_heading_69ea2db26900f h2 {line-height:1em; } .ld_fancy_heading_69ea2db26900f h2 {--element-line-height:1em; } .ld_fancy_heading_69ea2db26900f h2 {letter-spacing:-0.02em; } .ld_fancy_heading_69ea2db26900f h2 {margin-top:0.15em !important; margin-bottom:0.2em !important;  } <\/style><div class=\"ld-fancy-heading text-uppercase ld_fancy_heading_69ea2db26900f\">\n\t<h2 class=\"ld-fh-element lqd-highlight-underline lqd-highlight-grow-left text-decoration-default\"   >  Explora<br \/>\nel blog<\/h2><\/div><style>.ld_fancy_heading_69ea2db26d9a5 p{color:rgb(255, 87, 87);}.ld_fancy_heading_69ea2db26d9a5 p {margin-bottom:1.75em !important;  } .ld_fancy_heading_69ea2db26d9a5 .lqd-highlight-inner{height:0.275em!important;bottom:0px!important;}.ld_fancy_heading_69ea2db26d9a5 p {margin-bottom:1.75em !important;  } <\/style><div class=\"ld-fancy-heading ld_fancy_heading_69ea2db26d9a5\">\n\t<p class=\"ld-fh-element lqd-highlight-underline lqd-highlight-grow-left text-decoration-default\"   >  donde encontrar\u00e1s explicaciones gramaticales, ejercicios, art\u00edculos sobre actualidad y cultura, as\u00ed como historias personales.<\/p><\/div><style>.ld_button_69ea2db27033c.btn-icon-solid .btn-icon{background:rgb(255, 87, 87);}.ld_button_69ea2db27033c.btn-icon-circle.btn-icon-ripple .btn-icon:before{border-color:rgb(255, 87, 87);}.ld_button_69ea2db27033c.btn-icon-solid:hover .btn-icon{background:rgb(61, 61, 61);}.ld_button_69ea2db27033c{color:rgb(255, 87, 87);}.ld_button_69ea2db27033c:hover{color:rgb(61, 61, 61);}<\/style><a href=\"https:\/\/ele-notas.com\/en\/blog\/\" class=\"btn btn-naked btn-hover-reveal btn-has-label ld_button_69ea2db27033c\" >\n\t<span>\n\t\n\t\t\t\t\t<span class=\"btn-txt\" data-text=\"\u2e3a Leer el blog\" >\u2e3a Leer el blog<\/span>\n\t\t\n\t<span class=\"btn-icon\"><i class=\"lqd-icn-ess icon-md-arrow-forward\"><\/i><\/span>\t\t\t\t<\/span>\n<\/a>\n<\/div><\/div><\/div><style>@media (min-width: 992px) { .liquid-column-responsive-69ea2db2725de > .vc_column-inner {padding-top:0px !important; padding-bottom:0px !important;  }  } <\/style><div data-row-bg=\"https:\/\/ele-notas.com\/wp-content\/uploads\/2024\/01\/home-bg-01.jpg?id=5025\" class=\"wpb_column vc_column_container vc_col-sm-12 vc_col-md-6 liquid-column-69ea2db2725da liquid-column-responsive-69ea2db2725de vc_col-has-fill lqd-has-bg-markup row-bg-appended lqd-scale-bg-onhover lqd-column-top-onmobile\"><div class=\"vc_column-inner  vc_custom_1707773208396\" style=\"background-position:50% 60% !important;\"><span class=\"row-bg-loader\"><\/span><div class=\"row-bg-wrap\">\n\t\t<div class=\"row-bg-inner\">\n\t\t\t<figure class=\"row-bg\" ><\/figure>\n\t\t<\/div>\n\t<\/div><div class=\"wpb_wrapper\"  ><\/div><a href=\"https:\/\/ele-notas.com\/en\/blog\/\" title=\"Blog\" class=\"liquid-overlay-link z-index-3\"><\/a><\/div><\/div><\/div><\/div><\/section><section id=\"ejercicios\" data-section-luminosity=\"dark\" data-tooltip=\"Ejercicios\" class=\"vc_row liquid-row-shadowbox-69ea2db2728ac vc_column-gap-0 vc_row-o-full-height\"><div class=\"ld-container container-fluid\"><div class=\"row ld-row ld-row-outer vc_row-has-column-align vc_row-o-columns-stretch vc_row-o-equal-height vc_row-o-equal-height vc_row-o-content-bottom vc_row-flex\"><style>@media (min-width: 992px) { .liquid-column-responsive-69ea2db272a97 > .vc_column-inner {padding-top:0px !important; padding-bottom:0px !important;  }  } <\/style><div data-row-bg=\"https:\/\/ele-notas.com\/wp-content\/uploads\/2024\/02\/bg-home-practice.webp?id=5058\" class=\"wpb_column vc_column_container vc_col-sm-12 vc_col-md-6 liquid-column-69ea2db272a95 liquid-column-responsive-69ea2db272a97 vc_col-has-fill lqd-has-bg-markup row-bg-appended lqd-scale-bg-onhover lqd-column-top-onmobile\"><div class=\"vc_column-inner  vc_custom_1707773227361\" style=\"background-position:center bottom !important;\"><span class=\"row-bg-loader\"><\/span><div class=\"row-bg-wrap\">\n\t\t<div class=\"row-bg-inner\">\n\t\t\t<figure class=\"row-bg\" ><\/figure>\n\t\t<\/div>\n\t<\/div><div class=\"wpb_wrapper\"  ><\/div><a href=\"https:\/\/ele-notas.com\/en\/category\/ejercicios\/\" class=\"liquid-overlay-link z-index-3\"><\/a><\/div><\/div><style>@media (min-width: 768px) { .liquid-column-responsive-69ea2db272c39 > .vc_column-inner {padding-top:150px !important; padding-bottom:150px !important;  }  } @media (min-width: 992px) { .liquid-column-responsive-69ea2db272c39 > .vc_column-inner {padding-top:0px !important; padding-right:10vmax !important; padding-bottom:120px !important; padding-left:10vmax !important;  }  } <\/style><div class=\"wpb_column vc_column_container vc_col-sm-12 vc_col-md-6 liquid-column-69ea2db272c38 liquid-column-responsive-69ea2db272c39 vc_col-has-fill\"><div class=\"vc_column-inner  vc_custom_1706888937820\" ><div class=\"wpb_wrapper\"  data-custom-animations=\"true\" data-ca-options='{\"triggerHandler\":\"inview\",\"animationTarget\":\"all-childs\",\"duration\":\"1600\",\"delay\":\"180\",\"ease\":\"power4.out\",\"direction\":\"forward\",\"initValues\":{\"y\":55,\"rotationY\":50,\"transformOriginX\":50,\"transformOriginY\":50,\"transformOriginZ\":\"0px\",\"opacity\":0},\"animations\":{\"y\":0,\"rotationY\":0,\"transformOriginX\":50,\"transformOriginY\":50,\"transformOriginZ\":\"0px\",\"opacity\":1}}'><style>.ld_fancy_heading_69ea2db272dbb h6{color:rgb(253, 248, 235);}.ld_fancy_heading_69ea2db272dbb .lqd-highlight-inner{height:0.275em!important;bottom:0px!important;}<\/style><div class=\"ld-fancy-heading ld_fancy_heading_69ea2db272dbb\">\n\t<h6 class=\"ld-fh-element lqd-highlight-underline lqd-highlight-grow-left text-decoration-default\"   >  Ejercicios<\/h6><\/div><style>.ld_fancy_heading_69ea2db275f9a h2{color:rgb(253, 248, 235);}.ld_fancy_heading_69ea2db275f9a h2 {font-size:60px; } @media (min-width: 768px) { .ld_fancy_heading_69ea2db275f9a h2 {font-size:70px; }  } @media (min-width: 992px) { .ld_fancy_heading_69ea2db275f9a h2 {font-size:6.5vw; }  } .ld_fancy_heading_69ea2db275f9a h2 {line-height:1em; } .ld_fancy_heading_69ea2db275f9a h2 {--element-line-height:1em; } .ld_fancy_heading_69ea2db275f9a h2 {letter-spacing:-0.02em; } .ld_fancy_heading_69ea2db275f9a h2 {margin-top:0.15em !important; margin-bottom:0.2em !important;  } .ld_fancy_heading_69ea2db275f9a .lqd-highlight-inner{height:0.275em!important;bottom:0px!important;}.ld_fancy_heading_69ea2db275f9a h2 {font-size:60px; } @media (min-width: 768px) { .ld_fancy_heading_69ea2db275f9a h2 {font-size:70px; }  } @media (min-width: 992px) { .ld_fancy_heading_69ea2db275f9a h2 {font-size:6.5vw; }  } .ld_fancy_heading_69ea2db275f9a h2 {line-height:1em; } .ld_fancy_heading_69ea2db275f9a h2 {--element-line-height:1em; } .ld_fancy_heading_69ea2db275f9a h2 {letter-spacing:-0.02em; } .ld_fancy_heading_69ea2db275f9a h2 {margin-top:0.15em !important; margin-bottom:0.2em !important;  } <\/style><div class=\"ld-fancy-heading text-uppercase ld_fancy_heading_69ea2db275f9a\">\n\t<h2 class=\"ld-fh-element lqd-highlight-underline lqd-highlight-grow-left text-decoration-default\"   >  Practica<\/h2><\/div><style>.ld_fancy_heading_69ea2db27a4ff p{color:rgb(253, 248, 235);}.ld_fancy_heading_69ea2db27a4ff p {margin-bottom:1.75em !important;  } .ld_fancy_heading_69ea2db27a4ff .lqd-highlight-inner{height:0.275em!important;bottom:0px!important;}.ld_fancy_heading_69ea2db27a4ff p {margin-bottom:1.75em !important;  } <\/style><div class=\"ld-fancy-heading ld_fancy_heading_69ea2db27a4ff\">\n\t<p class=\"ld-fh-element lqd-highlight-underline lqd-highlight-grow-left text-decoration-default\"   >  con actividades para mejorar tu gram\u00e1tica y vocabulario. Tambi\u00e9n hay ideas para practicar la expresi\u00f3n oral y escrita.<\/p><\/div><style>.ld_button_69ea2db27b4c6.btn-icon-solid .btn-icon{background:rgb(253, 248, 235);}.ld_button_69ea2db27b4c6.btn-icon-circle.btn-icon-ripple .btn-icon:before{border-color:rgb(253, 248, 235);}.ld_button_69ea2db27b4c6.btn-icon-solid:hover .btn-icon{background:rgb(255, 87, 87);}.ld_button_69ea2db27b4c6{color:rgb(253, 248, 235);}.ld_button_69ea2db27b4c6:hover{color:rgb(255, 87, 87);}<\/style><a href=\"https:\/\/ele-notas.com\/en\/category\/ejercicios\/\" class=\"btn btn-naked btn-hover-reveal btn-has-label ld_button_69ea2db27b4c6\" >\n\t<span>\n\t\n\t\t\t\t\t<span class=\"btn-txt\" data-text=\"\u2e3a Ver ejercicios\" >\u2e3a Ver ejercicios<\/span>\n\t\t\n\t<span class=\"btn-icon\"><i class=\"lqd-icn-ess icon-md-arrow-forward\"><\/i><\/span>\t\t\t\t<\/span>\n<\/a>\n<\/div><\/div><\/div><\/div><\/div><\/section><section id=\"elena\" data-bg-image=\"url\" data-tooltip=\"Elena\" class=\"vc_row vc_custom_1706888784983 liquid-row-shadowbox-69ea2db27e7ce vc_row-has-fill vc_row-has-bg vc_column-gap-0 vc_row-o-full-height\"><div class=\"ld-container container-fluid\"><div class=\"row ld-row ld-row-outer vc_row-has-column-align vc_row-o-columns-stretch vc_row-o-equal-height vc_row-o-equal-height vc_row-o-content-bottom vc_row-flex\"><style>@media (min-width: 768px) { .liquid-column-responsive-69ea2db27ea0f > .vc_column-inner {padding-top:150px !important; padding-bottom:150px !important;  }  } @media (min-width: 992px) { .liquid-column-responsive-69ea2db27ea0f > .vc_column-inner {padding-top:0px !important; padding-right:10vmax !important; padding-bottom:120px !important; padding-left:10vmax !important;  }  } <\/style><div class=\"wpb_column vc_column_container vc_col-sm-12 vc_col-md-6 liquid-column-69ea2db27ea0c liquid-column-responsive-69ea2db27ea0f\"><div class=\"vc_column-inner  vc_custom_1706386724253\" ><div class=\"wpb_wrapper\"  data-custom-animations=\"true\" data-ca-options='{\"triggerHandler\":\"inview\",\"animationTarget\":\"all-childs\",\"duration\":\"1600\",\"delay\":\"180\",\"ease\":\"power4.out\",\"direction\":\"forward\",\"initValues\":{\"y\":55,\"rotationY\":50,\"transformOriginX\":50,\"transformOriginY\":50,\"transformOriginZ\":\"0px\",\"opacity\":0},\"animations\":{\"y\":0,\"rotationY\":0,\"transformOriginX\":50,\"transformOriginY\":50,\"transformOriginZ\":\"0px\",\"opacity\":1}}'><style>.ld_fancy_heading_69ea2db27ebac h6{color:rgb(255, 87, 87);}.ld_fancy_heading_69ea2db27ebac .lqd-highlight-inner{height:0.275em!important;bottom:0px!important;}<\/style><div class=\"ld-fancy-heading ld_fancy_heading_69ea2db27ebac\">\n\t<h6 class=\"ld-fh-element lqd-highlight-underline lqd-highlight-grow-left text-decoration-default\"   >  Con\u00f3ceme<\/h6><\/div><style>.ld_fancy_heading_69ea2db2820d2 h2{color:rgb(255, 87, 87);}.ld_fancy_heading_69ea2db2820d2 h2 {font-size:60px; } @media (min-width: 768px) { .ld_fancy_heading_69ea2db2820d2 h2 {font-size:70px; }  } @media (min-width: 992px) { .ld_fancy_heading_69ea2db2820d2 h2 {font-size:6.5vw; }  } .ld_fancy_heading_69ea2db2820d2 h2 {line-height:1em; } .ld_fancy_heading_69ea2db2820d2 h2 {--element-line-height:1em; } .ld_fancy_heading_69ea2db2820d2 h2 {letter-spacing:-0.02em; } .ld_fancy_heading_69ea2db2820d2 h2 {margin-top:0.15em !important; margin-bottom:0.2em !important;  } .ld_fancy_heading_69ea2db2820d2 .lqd-highlight-inner{height:0.275em!important;bottom:0px!important;}.ld_fancy_heading_69ea2db2820d2 h2 {font-size:60px; } @media (min-width: 768px) { .ld_fancy_heading_69ea2db2820d2 h2 {font-size:70px; }  } @media (min-width: 992px) { .ld_fancy_heading_69ea2db2820d2 h2 {font-size:6.5vw; }  } .ld_fancy_heading_69ea2db2820d2 h2 {line-height:1em; } .ld_fancy_heading_69ea2db2820d2 h2 {--element-line-height:1em; } .ld_fancy_heading_69ea2db2820d2 h2 {letter-spacing:-0.02em; } .ld_fancy_heading_69ea2db2820d2 h2 {margin-top:0.15em !important; margin-bottom:0.2em !important;  } <\/style><div class=\"ld-fancy-heading text-uppercase ld_fancy_heading_69ea2db2820d2\">\n\t<h2 class=\"ld-fh-element lqd-highlight-underline lqd-highlight-grow-left text-decoration-default\"   >  Soy Elena.<\/h2><\/div><style>.ld_fancy_heading_69ea2db286be1 p{color:rgb(255, 87, 87);}.ld_fancy_heading_69ea2db286be1 p {margin-bottom:1.75em !important;  } .ld_fancy_heading_69ea2db286be1 .lqd-highlight-inner{height:0.275em!important;bottom:0px!important;}.ld_fancy_heading_69ea2db286be1 p {margin-bottom:1.75em !important;  } <\/style><div class=\"ld-fancy-heading ld_fancy_heading_69ea2db286be1\">\n\t<p class=\"ld-fh-element lqd-highlight-underline lqd-highlight-grow-left text-decoration-default\"   >  Tutora de espa\u00f1ol e ingl\u00e9s con formaci\u00f3n como traductora y actualmente siguiendo una especializaci\u00f3n en Filolog\u00eda y Relaciones Internacionales.<\/p><\/div><style>.ld_button_69ea2db288362.btn-icon-solid .btn-icon{background:rgb(255, 87, 87);}.ld_button_69ea2db288362.btn-icon-circle.btn-icon-ripple .btn-icon:before{border-color:rgb(255, 87, 87);}.ld_button_69ea2db288362.btn-icon-solid:hover .btn-icon{background:rgb(61, 61, 61);}.ld_button_69ea2db288362{color:rgb(255, 87, 87);}.ld_button_69ea2db288362:hover{color:rgb(61, 61, 61);}<\/style><a href=\"https:\/\/ele-notas.com\/en\/perfil\/\" class=\"btn btn-naked btn-hover-reveal btn-has-label ld_button_69ea2db288362\" >\n\t<span>\n\t\n\t\t\t\t\t<span class=\"btn-txt\" data-text=\"\u2e3a Ver perfil\" >\u2e3a Ver perfil<\/span>\n\t\t\n\t<span class=\"btn-icon\"><i class=\"lqd-icn-ess icon-md-arrow-forward\"><\/i><\/span>\t\t\t\t<\/span>\n<\/a>\n<\/div><\/div><\/div><style>@media (min-width: 992px) { .liquid-column-responsive-69ea2db28ab1b > .vc_column-inner {padding-top:0px !important; padding-bottom:0px !important;  }  } <\/style><div data-row-bg=\"https:\/\/ele-notas.com\/wp-content\/uploads\/2024\/04\/foto3.jpeg?id=5704\" class=\"wpb_column vc_column_container vc_col-sm-12 vc_col-md-6 liquid-column-69ea2db28ab15 liquid-column-responsive-69ea2db28ab1b vc_col-has-fill lqd-has-bg-markup row-bg-appended lqd-scale-bg-onhover lqd-column-top-onmobile\"><div class=\"vc_column-inner  vc_custom_1712153056506\" style=\"background-position:center center !important;\"><span class=\"row-bg-loader\"><\/span><div class=\"row-bg-wrap\">\n\t\t<div class=\"row-bg-inner\">\n\t\t\t<figure class=\"row-bg\" ><\/figure>\n\t\t<\/div>\n\t<\/div><div class=\"wpb_wrapper\"  ><\/div><a href=\"https:\/\/ele-notas.com\/en\/perfil\/\" class=\"liquid-overlay-link z-index-3\"><\/a><\/div><\/div><\/div><\/div><\/section>","protected":false},"excerpt":{"rendered":"Aprende Explora el blog donde encontrar\u00e1s explicaciones gramaticales, ejercicios, art\u00edculos sobre actualidad y cultura, as\u00ed como historias personales. \u2e3a Leer el blog Ejercicios Practica con actividades para mejorar tu gram\u00e1tica y vocabulario. Tambi\u00e9n hay ideas para practicar la expresi\u00f3n oral y escrita. \u2e3a Ver ejercicios Con\u00f3ceme Soy Elena. Tutora de espa\u00f1ol e ingl\u00e9s con formaci\u00f3n [...]","protected":false},"author":1,"featured_media":0,"parent":0,"menu_order":0,"comment_status":"closed","ping_status":"closed","template":"","meta":{"footnotes":""},"class_list":["post-4812","page","type-page","status-publish","hentry"],"_links":{"self":[{"href":"https:\/\/ele-notas.com\/en\/wp-json\/wp\/v2\/pages\/4812","targetHints":{"allow":["GET"]}}],"collection":[{"href":"https:\/\/ele-notas.com\/en\/wp-json\/wp\/v2\/pages"}],"about":[{"href":"https:\/\/ele-notas.com\/en\/wp-json\/wp\/v2\/types\/page"}],"author":[{"embeddable":true,"href":"https:\/\/ele-notas.com\/en\/wp-json\/wp\/v2\/users\/1"}],"replies":[{"embeddable":true,"href":"https:\/\/ele-notas.com\/en\/wp-json\/wp\/v2\/comments?post=4812"}],"version-history":[{"count":55,"href":"https:\/\/ele-notas.com\/en\/wp-json\/wp\/v2\/pages\/4812\/revisions"}],"predecessor-version":[{"id":6769,"href":"https:\/\/ele-notas.com\/en\/wp-json\/wp\/v2\/pages\/4812\/revisions\/6769"}],"wp:attachment":[{"href":"https:\/\/ele-notas.com\/en\/wp-json\/wp\/v2\/media?parent=4812"}],"curies":[{"name":"wp","href":"https:\/\/api.w.org\/{rel}","templated":true}]}}